{"id":503,"date":"2019-05-14T16:42:22","date_gmt":"2019-05-14T16:42:22","guid":{"rendered":"https:\/\/ingesea.com\/?page_id=503"},"modified":"2025-10-01T13:32:42","modified_gmt":"2025-10-01T11:32:42","slug":"automatizacion-programacion","status":"publish","type":"page","link":"https:\/\/ingesea.com\/es\/servicios\/automatizacion-programacion\/","title":{"rendered":"Automatizaci\u00f3n \/ Programaci\u00f3n"},"content":{"rendered":"\t\t<div data-elementor-type=\"wp-post\" data-elementor-id=\"503\" class=\"elementor elementor-503\">\n\t\t\t\t\t\t<section class=\"elementor-section elementor-top-section elementor-element elementor-element-61ae4196 elementor-section-content-middle elementor-section-boxed elementor-section-height-default elementor-section-height-default\" data-id=\"61ae4196\" data-element_type=\"section\" data-settings=\"{&quot;background_background&quot;:&quot;classic&quot;}\">\n\t\t\t\t\t\t\t<div class=\"elementor-background-overlay\"><\/div>\n\t\t\t\t\t\t\t<div class=\"elementor-container elementor-column-gap-no\">\n\t\t\t\t\t<div class=\"elementor-column elementor-col-100 elementor-top-column elementor-element elementor-element-4c8f4a32\" data-id=\"4c8f4a32\" data-element_type=\"column\">\n\t\t\t<div class=\"elementor-widget-wrap elementor-element-populated\">\n\t\t\t\t\t\t<div class=\"elementor-element elementor-element-375b0a1d elementor-widget-mobile__width-initial elementor-absolute elementor-widget elementor-widget-heading\" data-id=\"375b0a1d\" data-element_type=\"widget\" data-settings=\"{&quot;_position&quot;:&quot;absolute&quot;}\" data-widget_type=\"heading.default\">\n\t\t\t\t<div class=\"elementor-widget-container\">\n\t\t\t\t\t<h1 class=\"elementor-heading-title elementor-size-xl\">Automatizaci\u00f3n Programaci\u00f3n<\/h1>\t\t\t\t<\/div>\n\t\t\t\t<\/div>\n\t\t\t\t\t<\/div>\n\t\t<\/div>\n\t\t\t\t\t<\/div>\n\t\t<\/section>\n\t\t\t\t<section class=\"elementor-section elementor-top-section elementor-element elementor-element-6eb5edf0 elementor-section-content-top elementor-section-boxed elementor-section-height-default elementor-section-height-default\" data-id=\"6eb5edf0\" data-element_type=\"section\" data-settings=\"{&quot;background_background&quot;:&quot;classic&quot;}\">\n\t\t\t\t\t\t<div class=\"elementor-container elementor-column-gap-no\">\n\t\t\t\t\t<div class=\"elementor-column elementor-col-50 elementor-top-column elementor-element elementor-element-3132e808\" data-id=\"3132e808\" data-element_type=\"column\">\n\t\t\t<div class=\"elementor-widget-wrap elementor-element-populated\">\n\t\t\t\t\t\t<div class=\"elementor-element elementor-element-d5880d7 elementor-widget elementor-widget-text-editor\" data-id=\"d5880d7\" data-element_type=\"widget\" data-widget_type=\"text-editor.default\">\n\t\t\t\t<div class=\"elementor-widget-container\">\n\t\t\t\t\t\t\t\t\tTenemos amplia experiencia en automatismos realizando labores de:\t\t\t\t\t\t\t\t<\/div>\n\t\t\t\t<\/div>\n\t\t\t\t\t<\/div>\n\t\t<\/div>\n\t\t\t\t<div class=\"elementor-column elementor-col-50 elementor-top-column elementor-element elementor-element-543716bb\" data-id=\"543716bb\" data-element_type=\"column\">\n\t\t\t<div class=\"elementor-widget-wrap elementor-element-populated\">\n\t\t\t\t\t\t<div class=\"elementor-element elementor-element-7b48e702 elementor-widget elementor-widget-text-editor\" data-id=\"7b48e702\" data-element_type=\"widget\" data-widget_type=\"text-editor.default\">\n\t\t\t\t<div class=\"elementor-widget-container\">\n\t\t\t\t\t\t\t\t\t<ul>\n \t<li>Programaci\u00f3n de PLCs de distintas marcas.<\/li>\n \t<li>Programaci\u00f3n de HMI y SCADAs de distintas marcas.<\/li>\n        <li>Integraci\u00f3n de equipos comerciales en m\u00e1quina y comunicaci\u00f3n con los mismos.<\/li>\n        <li>Desarrollamos el software necesario para dar soluciones a nuestros clientes.<\/li>\n<\/ul>\t\t\t\t\t\t\t\t<\/div>\n\t\t\t\t<\/div>\n\t\t\t\t\t<\/div>\n\t\t<\/div>\n\t\t\t\t\t<\/div>\n\t\t<\/section>\n\t\t\t\t<section class=\"elementor-section elementor-top-section elementor-element elementor-element-42a3f1bd elementor-section-content-top elementor-section-boxed elementor-section-height-default elementor-section-height-default\" data-id=\"42a3f1bd\" data-element_type=\"section\" data-settings=\"{&quot;background_background&quot;:&quot;classic&quot;}\">\n\t\t\t\t\t\t<div class=\"elementor-container elementor-column-gap-no\">\n\t\t\t\t\t<div class=\"elementor-column elementor-col-50 elementor-top-column elementor-element elementor-element-3232260d\" data-id=\"3232260d\" data-element_type=\"column\">\n\t\t\t<div class=\"elementor-widget-wrap elementor-element-populated\">\n\t\t\t\t\t\t<div class=\"elementor-element elementor-element-854ecbf elementor-widget elementor-widget-image\" data-id=\"854ecbf\" data-element_type=\"widget\" data-widget_type=\"image.default\">\n\t\t\t\t<div class=\"elementor-widget-container\">\n\t\t\t\t\t\t\t\t\t\t\t\t\t\t\t<img fetchpriority=\"high\" decoding=\"async\" width=\"590\" height=\"400\" src=\"https:\/\/ingesea.com\/wp-content\/uploads\/2019\/06\/automatizacion-programacion-01-1.jpg\" class=\"attachment-full size-full wp-image-1102\" alt=\"\" srcset=\"https:\/\/ingesea.com\/wp-content\/uploads\/2019\/06\/automatizacion-programacion-01-1.jpg 590w, https:\/\/ingesea.com\/wp-content\/uploads\/2019\/06\/automatizacion-programacion-01-1-300x203.jpg 300w\" sizes=\"(max-width: 590px) 100vw, 590px\" \/>\t\t\t\t\t\t\t\t\t\t\t\t\t\t\t<\/div>\n\t\t\t\t<\/div>\n\t\t\t\t\t<\/div>\n\t\t<\/div>\n\t\t\t\t<div class=\"elementor-column elementor-col-50 elementor-top-column elementor-element elementor-element-4beaa75e\" data-id=\"4beaa75e\" data-element_type=\"column\">\n\t\t\t<div class=\"elementor-widget-wrap elementor-element-populated\">\n\t\t\t\t\t\t<div class=\"elementor-element elementor-element-27ed93ef elementor-widget elementor-widget-image\" data-id=\"27ed93ef\" data-element_type=\"widget\" data-widget_type=\"image.default\">\n\t\t\t\t<div class=\"elementor-widget-container\">\n\t\t\t\t\t\t\t\t\t\t\t\t\t\t\t<img decoding=\"async\" width=\"590\" height=\"400\" src=\"https:\/\/ingesea.com\/wp-content\/uploads\/2019\/06\/automatizacion-programacion-02.jpg\" class=\"attachment-full size-full wp-image-764\" alt=\"\" srcset=\"https:\/\/ingesea.com\/wp-content\/uploads\/2019\/06\/automatizacion-programacion-02.jpg 590w, https:\/\/ingesea.com\/wp-content\/uploads\/2019\/06\/automatizacion-programacion-02-300x203.jpg 300w\" sizes=\"(max-width: 590px) 100vw, 590px\" \/>\t\t\t\t\t\t\t\t\t\t\t\t\t\t\t<\/div>\n\t\t\t\t<\/div>\n\t\t\t\t\t<\/div>\n\t\t<\/div>\n\t\t\t\t\t<\/div>\n\t\t<\/section>\n\t\t\t\t<section class=\"elementor-section elementor-top-section elementor-element elementor-element-783383f1 elementor-section-boxed elementor-section-height-default elementor-section-height-default\" data-id=\"783383f1\" data-element_type=\"section\" data-settings=\"{&quot;background_background&quot;:&quot;classic&quot;}\">\n\t\t\t\t\t\t<div class=\"elementor-container elementor-column-gap-default\">\n\t\t\t\t\t<div class=\"elementor-column elementor-col-25 elementor-top-column elementor-element elementor-element-3a78d6dc\" data-id=\"3a78d6dc\" data-element_type=\"column\">\n\t\t\t<div class=\"elementor-widget-wrap\">\n\t\t\t\t\t\t\t<\/div>\n\t\t<\/div>\n\t\t\t\t<div class=\"elementor-column elementor-col-25 elementor-top-column elementor-element elementor-element-5a5ee3ce\" data-id=\"5a5ee3ce\" data-element_type=\"column\">\n\t\t\t<div class=\"elementor-widget-wrap elementor-element-populated\">\n\t\t\t\t\t\t<div class=\"elementor-element elementor-element-d1df08a elementor-widget elementor-widget-heading\" data-id=\"d1df08a\" data-element_type=\"widget\" data-widget_type=\"heading.default\">\n\t\t\t\t<div class=\"elementor-widget-container\">\n\t\t\t\t\t<h3 class=\"elementor-heading-title elementor-size-default\">\u00bfNecesita ayuda en soluciones industriales?\n<\/h3>\t\t\t\t<\/div>\n\t\t\t\t<\/div>\n\t\t\t\t\t<\/div>\n\t\t<\/div>\n\t\t\t\t<div class=\"elementor-column elementor-col-25 elementor-top-column elementor-element elementor-element-394d6931\" data-id=\"394d6931\" data-element_type=\"column\">\n\t\t\t<div class=\"elementor-widget-wrap elementor-element-populated\">\n\t\t\t\t\t\t<div class=\"elementor-element elementor-element-11503df0 elementor-align-center elementor-widget elementor-widget-button\" data-id=\"11503df0\" data-element_type=\"widget\" data-widget_type=\"button.default\">\n\t\t\t\t<div class=\"elementor-widget-container\">\n\t\t\t\t\t\t\t\t\t<div class=\"elementor-button-wrapper\">\n\t\t\t\t\t<a class=\"elementor-button elementor-button-link elementor-size-sm\" href=\"\/contacto\/\">\n\t\t\t\t\t\t<span class=\"elementor-button-content-wrapper\">\n\t\t\t\t\t\t\t\t\t<span class=\"elementor-button-text\">CONT\u00c1CTENOS<\/span>\n\t\t\t\t\t<\/span>\n\t\t\t\t\t<\/a>\n\t\t\t\t<\/div>\n\t\t\t\t\t\t\t\t<\/div>\n\t\t\t\t<\/div>\n\t\t\t\t\t<\/div>\n\t\t<\/div>\n\t\t\t\t<div class=\"elementor-column elementor-col-25 elementor-top-column elementor-element elementor-element-42679c9b\" data-id=\"42679c9b\" data-element_type=\"column\">\n\t\t\t<div class=\"elementor-widget-wrap\">\n\t\t\t\t\t\t\t<\/div>\n\t\t<\/div>\n\t\t\t\t\t<\/div>\n\t\t<\/section>\n\t\t\t\t<\/div>\n\t\t","protected":false},"excerpt":{"rendered":"<p>Automatizaci\u00f3n Programaci\u00f3n Tenemos amplia experiencia en automatismos realizando labores de: Programaci\u00f3n de PLCs de distintas marcas. Programaci\u00f3n de HMI y SCADAs de distintas marcas. Integraci\u00f3n de equipos comerciales en m\u00e1quina y comunicaci\u00f3n con los mismos. Desarrollamos el software necesario para dar soluciones a nuestros clientes. \u00bfNecesita ayuda en soluciones industriales? CONT\u00c1CTENOS<\/p>\n","protected":false},"author":2,"featured_media":0,"parent":13,"menu_order":2,"comment_status":"closed","ping_status":"closed","template":"","meta":{"site-sidebar-layout":"no-sidebar","site-content-layout":"page-builder","ast-site-content-layout":"default","site-content-style":"default","site-sidebar-style":"default","ast-global-header-display":"","ast-banner-title-visibility":"","ast-main-header-display":"","ast-hfb-above-header-display":"","ast-hfb-below-header-display":"","ast-hfb-mobile-header-display":"","site-post-title":"disabled","ast-breadcrumbs-content":"","ast-featured-img":"disabled","footer-sml-layout":"","theme-transparent-header-meta":"enabled","adv-header-id-meta":"","stick-header-meta":"","header-above-stick-meta":"","header-main-stick-meta":"","header-below-stick-meta":"","astra-migrate-meta-layouts":"default","ast-page-background-enabled":"default","ast-page-background-meta":{"desktop":{"background-color":"","background-image":"","background-repeat":"repeat","background-position":"center center","background-size":"auto","background-attachment":"scroll","background-type":"","background-media":"","overlay-type":"","overlay-color":"","overlay-opacity":"","overlay-gradient":""},"tablet":{"background-color":"","background-image":"","background-repeat":"repeat","background-position":"center center","background-size":"auto","background-attachment":"scroll","background-type":"","background-media":"","overlay-type":"","overlay-color":"","overlay-opacity":"","overlay-gradient":""},"mobile":{"background-color":"","background-image":"","background-repeat":"repeat","background-position":"center center","background-size":"auto","background-attachment":"scroll","background-type":"","background-media":"","overlay-type":"","overlay-color":"","overlay-opacity":"","overlay-gradient":""}},"ast-content-background-meta":{"desktop":{"background-color":"var(--ast-global-color-5)","background-image":"","background-repeat":"repeat","background-position":"center center","background-size":"auto","background-attachment":"scroll","background-type":"","background-media":"","overlay-type":"","overlay-color":"","overlay-opacity":"","overlay-gradient":""},"tablet":{"background-color":"var(--ast-global-color-5)","background-image":"","background-repeat":"repeat","background-position":"center center","background-size":"auto","background-attachment":"scroll","background-type":"","background-media":"","overlay-type":"","overlay-color":"","overlay-opacity":"","overlay-gradient":""},"mobile":{"background-color":"var(--ast-global-color-5)","background-image":"","background-repeat":"repeat","background-position":"center center","background-size":"auto","background-attachment":"scroll","background-type":"","background-media":"","overlay-type":"","overlay-color":"","overlay-opacity":"","overlay-gradient":""}},"footnotes":""},"class_list":["post-503","page","type-page","status-publish","hentry"],"yoast_head":"<!-- This site is optimized with the Yoast SEO plugin v26.4 - https:\/\/yoast.com\/wordpress\/plugins\/seo\/ -->\n<title>Tenemos amplia experiencia en automatismos y programaci\u00f3n<\/title>\n<meta name=\"description\" content=\"Experiencia en automatismos realizando labores de; programaci\u00f3n de PLCs, programaci\u00f3n de HMI y SCADAs, integraci\u00f3n de equipos comerciales en m\u00e1quina y comunicaci\u00f3n con los mismos, desarrollo de software\" \/>\n<meta name=\"robots\" content=\"index, follow, max-snippet:-1, max-image-preview:large, max-video-preview:-1\" \/>\n<link rel=\"canonical\" href=\"https:\/\/ingesea.com\/es\/servicios\/automatizacion-programacion\/\" \/>\n<meta property=\"og:locale\" content=\"es_ES\" \/>\n<meta property=\"og:type\" content=\"article\" \/>\n<meta property=\"og:title\" content=\"Tenemos amplia experiencia en automatismos y programaci\u00f3n\" \/>\n<meta property=\"og:description\" content=\"Experiencia en automatismos realizando labores de; programaci\u00f3n de PLCs, programaci\u00f3n de HMI y SCADAs, integraci\u00f3n de equipos comerciales en m\u00e1quina y comunicaci\u00f3n con los mismos, desarrollo de software\" \/>\n<meta property=\"og:url\" content=\"https:\/\/ingesea.com\/es\/servicios\/automatizacion-programacion\/\" \/>\n<meta property=\"og:site_name\" content=\"INGESEA Automation\" \/>\n<meta property=\"article:modified_time\" content=\"2025-10-01T11:32:42+00:00\" \/>\n<meta property=\"og:image\" content=\"https:\/\/ingesea.com\/wp-content\/uploads\/2019\/06\/automatizacion-programacion-01-1.jpg\" \/>\n\t<meta property=\"og:image:width\" content=\"590\" \/>\n\t<meta property=\"og:image:height\" content=\"400\" \/>\n\t<meta property=\"og:image:type\" content=\"image\/jpeg\" \/>\n<meta name=\"twitter:card\" content=\"summary_large_image\" \/>\n<meta name=\"twitter:label1\" content=\"Tiempo de lectura\" \/>\n\t<meta name=\"twitter:data1\" content=\"1 minuto\" \/>\n<script type=\"application\/ld+json\" class=\"yoast-schema-graph\">{\"@context\":\"https:\/\/schema.org\",\"@graph\":[{\"@type\":\"WebPage\",\"@id\":\"https:\/\/ingesea.com\/es\/servicios\/automatizacion-programacion\/\",\"url\":\"https:\/\/ingesea.com\/es\/servicios\/automatizacion-programacion\/\",\"name\":\"Tenemos amplia experiencia en automatismos y programaci\u00f3n\",\"isPartOf\":{\"@id\":\"https:\/\/ingesea.com\/es\/#website\"},\"primaryImageOfPage\":{\"@id\":\"https:\/\/ingesea.com\/es\/servicios\/automatizacion-programacion\/#primaryimage\"},\"image\":{\"@id\":\"https:\/\/ingesea.com\/es\/servicios\/automatizacion-programacion\/#primaryimage\"},\"thumbnailUrl\":\"https:\/\/ingesea.com\/wp-content\/uploads\/2019\/06\/automatizacion-programacion-01-1.jpg\",\"datePublished\":\"2019-05-14T16:42:22+00:00\",\"dateModified\":\"2025-10-01T11:32:42+00:00\",\"description\":\"Experiencia en automatismos realizando labores de; programaci\u00f3n de PLCs, programaci\u00f3n de HMI y SCADAs, integraci\u00f3n de equipos comerciales en m\u00e1quina y comunicaci\u00f3n con los mismos, desarrollo de software\",\"breadcrumb\":{\"@id\":\"https:\/\/ingesea.com\/es\/servicios\/automatizacion-programacion\/#breadcrumb\"},\"inLanguage\":\"es\",\"potentialAction\":[{\"@type\":\"ReadAction\",\"target\":[\"https:\/\/ingesea.com\/es\/servicios\/automatizacion-programacion\/\"]}]},{\"@type\":\"ImageObject\",\"inLanguage\":\"es\",\"@id\":\"https:\/\/ingesea.com\/es\/servicios\/automatizacion-programacion\/#primaryimage\",\"url\":\"https:\/\/ingesea.com\/wp-content\/uploads\/2019\/06\/automatizacion-programacion-01-1.jpg\",\"contentUrl\":\"https:\/\/ingesea.com\/wp-content\/uploads\/2019\/06\/automatizacion-programacion-01-1.jpg\"},{\"@type\":\"BreadcrumbList\",\"@id\":\"https:\/\/ingesea.com\/es\/servicios\/automatizacion-programacion\/#breadcrumb\",\"itemListElement\":[{\"@type\":\"ListItem\",\"position\":1,\"name\":\"Home\",\"item\":\"https:\/\/ingesea.com\/es\/\"},{\"@type\":\"ListItem\",\"position\":2,\"name\":\"SERVICIOS\",\"item\":\"https:\/\/ingesea.com\/es\/servicios\/\"},{\"@type\":\"ListItem\",\"position\":3,\"name\":\"Automatizaci\u00f3n \/ Programaci\u00f3n\"}]},{\"@type\":\"WebSite\",\"@id\":\"https:\/\/ingesea.com\/es\/#website\",\"url\":\"https:\/\/ingesea.com\/es\/\",\"name\":\"INGESEA Automation\",\"description\":\"Ingenier\u00eda y Soluciones de Automatizaci\u00f3n\",\"publisher\":{\"@id\":\"https:\/\/ingesea.com\/es\/#organization\"},\"potentialAction\":[{\"@type\":\"SearchAction\",\"target\":{\"@type\":\"EntryPoint\",\"urlTemplate\":\"https:\/\/ingesea.com\/es\/?s={search_term_string}\"},\"query-input\":{\"@type\":\"PropertyValueSpecification\",\"valueRequired\":true,\"valueName\":\"search_term_string\"}}],\"inLanguage\":\"es\"},{\"@type\":\"Organization\",\"@id\":\"https:\/\/ingesea.com\/es\/#organization\",\"name\":\"Ingesea Automation, S.L.\",\"url\":\"https:\/\/ingesea.com\/es\/\",\"logo\":{\"@type\":\"ImageObject\",\"inLanguage\":\"es\",\"@id\":\"https:\/\/ingesea.com\/es\/#\/schema\/logo\/image\/\",\"url\":\"https:\/\/ingesea.com\/wp-content\/uploads\/2019\/06\/logo-ingesea-automation-retina.png\",\"contentUrl\":\"https:\/\/ingesea.com\/wp-content\/uploads\/2019\/06\/logo-ingesea-automation-retina.png\",\"width\":425,\"height\":82,\"caption\":\"Ingesea Automation, S.L.\"},\"image\":{\"@id\":\"https:\/\/ingesea.com\/es\/#\/schema\/logo\/image\/\"}}]}<\/script>\n<!-- \/ Yoast SEO plugin. -->","yoast_head_json":{"title":"Tenemos amplia experiencia en automatismos y programaci\u00f3n","description":"Experiencia en automatismos realizando labores de; programaci\u00f3n de PLCs, programaci\u00f3n de HMI y SCADAs, integraci\u00f3n de equipos comerciales en m\u00e1quina y comunicaci\u00f3n con los mismos, desarrollo de software","robots":{"index":"index","follow":"follow","max-snippet":"max-snippet:-1","max-image-preview":"max-image-preview:large","max-video-preview":"max-video-preview:-1"},"canonical":"https:\/\/ingesea.com\/es\/servicios\/automatizacion-programacion\/","og_locale":"es_ES","og_type":"article","og_title":"Tenemos amplia experiencia en automatismos y programaci\u00f3n","og_description":"Experiencia en automatismos realizando labores de; programaci\u00f3n de PLCs, programaci\u00f3n de HMI y SCADAs, integraci\u00f3n de equipos comerciales en m\u00e1quina y comunicaci\u00f3n con los mismos, desarrollo de software","og_url":"https:\/\/ingesea.com\/es\/servicios\/automatizacion-programacion\/","og_site_name":"INGESEA Automation","article_modified_time":"2025-10-01T11:32:42+00:00","og_image":[{"width":590,"height":400,"url":"https:\/\/ingesea.com\/wp-content\/uploads\/2019\/06\/automatizacion-programacion-01-1.jpg","type":"image\/jpeg"}],"twitter_card":"summary_large_image","twitter_misc":{"Tiempo de lectura":"1 minuto"},"schema":{"@context":"https:\/\/schema.org","@graph":[{"@type":"WebPage","@id":"https:\/\/ingesea.com\/es\/servicios\/automatizacion-programacion\/","url":"https:\/\/ingesea.com\/es\/servicios\/automatizacion-programacion\/","name":"Tenemos amplia experiencia en automatismos y programaci\u00f3n","isPartOf":{"@id":"https:\/\/ingesea.com\/es\/#website"},"primaryImageOfPage":{"@id":"https:\/\/ingesea.com\/es\/servicios\/automatizacion-programacion\/#primaryimage"},"image":{"@id":"https:\/\/ingesea.com\/es\/servicios\/automatizacion-programacion\/#primaryimage"},"thumbnailUrl":"https:\/\/ingesea.com\/wp-content\/uploads\/2019\/06\/automatizacion-programacion-01-1.jpg","datePublished":"2019-05-14T16:42:22+00:00","dateModified":"2025-10-01T11:32:42+00:00","description":"Experiencia en automatismos realizando labores de; programaci\u00f3n de PLCs, programaci\u00f3n de HMI y SCADAs, integraci\u00f3n de equipos comerciales en m\u00e1quina y comunicaci\u00f3n con los mismos, desarrollo de software","breadcrumb":{"@id":"https:\/\/ingesea.com\/es\/servicios\/automatizacion-programacion\/#breadcrumb"},"inLanguage":"es","potentialAction":[{"@type":"ReadAction","target":["https:\/\/ingesea.com\/es\/servicios\/automatizacion-programacion\/"]}]},{"@type":"ImageObject","inLanguage":"es","@id":"https:\/\/ingesea.com\/es\/servicios\/automatizacion-programacion\/#primaryimage","url":"https:\/\/ingesea.com\/wp-content\/uploads\/2019\/06\/automatizacion-programacion-01-1.jpg","contentUrl":"https:\/\/ingesea.com\/wp-content\/uploads\/2019\/06\/automatizacion-programacion-01-1.jpg"},{"@type":"BreadcrumbList","@id":"https:\/\/ingesea.com\/es\/servicios\/automatizacion-programacion\/#breadcrumb","itemListElement":[{"@type":"ListItem","position":1,"name":"Home","item":"https:\/\/ingesea.com\/es\/"},{"@type":"ListItem","position":2,"name":"SERVICIOS","item":"https:\/\/ingesea.com\/es\/servicios\/"},{"@type":"ListItem","position":3,"name":"Automatizaci\u00f3n \/ Programaci\u00f3n"}]},{"@type":"WebSite","@id":"https:\/\/ingesea.com\/es\/#website","url":"https:\/\/ingesea.com\/es\/","name":"INGESEA Automation","description":"Ingenier\u00eda y Soluciones de Automatizaci\u00f3n","publisher":{"@id":"https:\/\/ingesea.com\/es\/#organization"},"potentialAction":[{"@type":"SearchAction","target":{"@type":"EntryPoint","urlTemplate":"https:\/\/ingesea.com\/es\/?s={search_term_string}"},"query-input":{"@type":"PropertyValueSpecification","valueRequired":true,"valueName":"search_term_string"}}],"inLanguage":"es"},{"@type":"Organization","@id":"https:\/\/ingesea.com\/es\/#organization","name":"Ingesea Automation, S.L.","url":"https:\/\/ingesea.com\/es\/","logo":{"@type":"ImageObject","inLanguage":"es","@id":"https:\/\/ingesea.com\/es\/#\/schema\/logo\/image\/","url":"https:\/\/ingesea.com\/wp-content\/uploads\/2019\/06\/logo-ingesea-automation-retina.png","contentUrl":"https:\/\/ingesea.com\/wp-content\/uploads\/2019\/06\/logo-ingesea-automation-retina.png","width":425,"height":82,"caption":"Ingesea Automation, S.L."},"image":{"@id":"https:\/\/ingesea.com\/es\/#\/schema\/logo\/image\/"}}]}},"_links":{"self":[{"href":"https:\/\/ingesea.com\/es\/wp-json\/wp\/v2\/pages\/503","targetHints":{"allow":["GET"]}}],"collection":[{"href":"https:\/\/ingesea.com\/es\/wp-json\/wp\/v2\/pages"}],"about":[{"href":"https:\/\/ingesea.com\/es\/wp-json\/wp\/v2\/types\/page"}],"author":[{"embeddable":true,"href":"https:\/\/ingesea.com\/es\/wp-json\/wp\/v2\/users\/2"}],"replies":[{"embeddable":true,"href":"https:\/\/ingesea.com\/es\/wp-json\/wp\/v2\/comments?post=503"}],"version-history":[{"count":3,"href":"https:\/\/ingesea.com\/es\/wp-json\/wp\/v2\/pages\/503\/revisions"}],"predecessor-version":[{"id":3339,"href":"https:\/\/ingesea.com\/es\/wp-json\/wp\/v2\/pages\/503\/revisions\/3339"}],"up":[{"embeddable":true,"href":"https:\/\/ingesea.com\/es\/wp-json\/wp\/v2\/pages\/13"}],"wp:attachment":[{"href":"https:\/\/ingesea.com\/es\/wp-json\/wp\/v2\/media?parent=503"}],"curies":[{"name":"wp","href":"https:\/\/api.w.org\/{rel}","templated":true}]}}