{"id":508,"date":"2019-05-14T16:46:35","date_gmt":"2019-05-14T16:46:35","guid":{"rendered":"https:\/\/ingesea.com\/?page_id=508"},"modified":"2025-10-01T14:18:19","modified_gmt":"2025-10-01T12:18:19","slug":"ingenieria-robotica","status":"publish","type":"page","link":"https:\/\/ingesea.com\/es\/servicios\/ingenieria-robotica\/","title":{"rendered":"Ingenier\u00eda rob\u00f3tica"},"content":{"rendered":"\t\t<div data-elementor-type=\"wp-post\" data-elementor-id=\"508\" class=\"elementor elementor-508\">\n\t\t\t\t\t\t<section class=\"elementor-section elementor-top-section elementor-element elementor-element-73641b1d elementor-section-content-middle elementor-section-boxed elementor-section-height-default elementor-section-height-default\" data-id=\"73641b1d\" data-element_type=\"section\" data-settings=\"{&quot;background_background&quot;:&quot;classic&quot;}\">\n\t\t\t\t\t\t\t<div class=\"elementor-background-overlay\"><\/div>\n\t\t\t\t\t\t\t<div class=\"elementor-container elementor-column-gap-no\">\n\t\t\t\t\t<div class=\"elementor-column elementor-col-100 elementor-top-column elementor-element elementor-element-510fddb8\" data-id=\"510fddb8\" data-element_type=\"column\">\n\t\t\t<div class=\"elementor-widget-wrap elementor-element-populated\">\n\t\t\t\t\t\t<div class=\"elementor-element elementor-element-512e99b5 elementor-widget elementor-widget-heading\" data-id=\"512e99b5\" data-element_type=\"widget\" data-widget_type=\"heading.default\">\n\t\t\t\t<div class=\"elementor-widget-container\">\n\t\t\t\t\t<h1 class=\"elementor-heading-title elementor-size-xl\">Ingenier\u00eda rob\u00f3tica<\/h1>\t\t\t\t<\/div>\n\t\t\t\t<\/div>\n\t\t\t\t\t<\/div>\n\t\t<\/div>\n\t\t\t\t\t<\/div>\n\t\t<\/section>\n\t\t\t\t<section class=\"elementor-section elementor-top-section elementor-element elementor-element-ab3900f elementor-section-content-top elementor-section-boxed elementor-section-height-default elementor-section-height-default\" data-id=\"ab3900f\" data-element_type=\"section\" data-settings=\"{&quot;background_background&quot;:&quot;classic&quot;}\">\n\t\t\t\t\t\t<div class=\"elementor-container elementor-column-gap-no\">\n\t\t\t\t\t<div class=\"elementor-column elementor-col-50 elementor-top-column elementor-element elementor-element-7b2021a7\" data-id=\"7b2021a7\" data-element_type=\"column\">\n\t\t\t<div class=\"elementor-widget-wrap elementor-element-populated\">\n\t\t\t\t\t\t<div class=\"elementor-element elementor-element-505c52d6 elementor-widget elementor-widget-text-editor\" data-id=\"505c52d6\" data-element_type=\"widget\" data-widget_type=\"text-editor.default\">\n\t\t\t\t<div class=\"elementor-widget-container\">\n\t\t\t\t\t\t\t\t\tTrabajamos con las principales marcas de robots del mercado y ofrecemos soluciones personalizadas.\t\t\t\t\t\t\t\t<\/div>\n\t\t\t\t<\/div>\n\t\t\t\t<div class=\"elementor-element elementor-element-a251dd6 elementor-widget elementor-widget-text-editor\" data-id=\"a251dd6\" data-element_type=\"widget\" data-widget_type=\"text-editor.default\">\n\t\t\t\t<div class=\"elementor-widget-container\">\n\t\t\t\t\t\t\t\t\t<ul>\n \t<li>Simulaci\u00f3n offline de la aplicaci\u00f3n si el cliente lo requiere.<\/li>\n \t<li>Programaci\u00f3n y puesta en marcha del robot.<\/li>\n \t<li>Definici\u00f3n de interconexi\u00f3n con el entorno.<\/li>\n \t<li>Integraci\u00f3n de sistemas de visi\u00f3n artificial. Tracking, chequeo, correcci\u00f3n de posici\u00f3n&#8230;<\/li>\n \t<li>Pruebas y cursos a cliente final.<\/li>\n        <li>Conexi\u00f3n remota con los robots desde nuestras instalaciones para dar soporte a nuestros clientes.<\/li>\n<\/ul>\t\t\t\t\t\t\t\t<\/div>\n\t\t\t\t<\/div>\n\t\t\t\t\t<\/div>\n\t\t<\/div>\n\t\t\t\t<div class=\"elementor-column elementor-col-50 elementor-top-column elementor-element elementor-element-504c5273\" data-id=\"504c5273\" data-element_type=\"column\">\n\t\t\t<div class=\"elementor-widget-wrap elementor-element-populated\">\n\t\t\t\t\t\t<div class=\"elementor-element elementor-element-486dba09 elementor-widget elementor-widget-text-editor\" data-id=\"486dba09\" data-element_type=\"widget\" data-widget_type=\"text-editor.default\">\n\t\t\t\t<div class=\"elementor-widget-container\">\n\t\t\t\t\t\t\t\t\t<p>Marcas de robots con los que ya hemos trabajado anteriormente y con los que tenemos una amplia experiencia:<\/p>\t\t\t\t\t\t\t\t<\/div>\n\t\t\t\t<\/div>\n\t\t\t\t<div class=\"elementor-element elementor-element-757de462 elementor-widget elementor-widget-text-editor\" data-id=\"757de462\" data-element_type=\"widget\" data-widget_type=\"text-editor.default\">\n\t\t\t\t<div class=\"elementor-widget-container\">\n\t\t\t\t\t\t\t\t\t<ul><li>KUKA<\/li><li>ABB<\/li><li>FANUC<\/li><li>STA\u00dcBLI<\/li><li>YAMAHA<\/li><li>ADEPT \/ OMRON<\/li><li>UNIVERSAL ROBOTS<\/li><\/ul>\t\t\t\t\t\t\t\t<\/div>\n\t\t\t\t<\/div>\n\t\t\t\t\t<\/div>\n\t\t<\/div>\n\t\t\t\t\t<\/div>\n\t\t<\/section>\n\t\t\t\t<section class=\"elementor-section elementor-top-section elementor-element elementor-element-29542c3a elementor-section-content-top elementor-section-boxed elementor-section-height-default elementor-section-height-default\" data-id=\"29542c3a\" data-element_type=\"section\" data-settings=\"{&quot;background_background&quot;:&quot;classic&quot;}\">\n\t\t\t\t\t\t<div class=\"elementor-container elementor-column-gap-no\">\n\t\t\t\t\t<div class=\"elementor-column elementor-col-50 elementor-top-column elementor-element elementor-element-33cdb2ad\" data-id=\"33cdb2ad\" data-element_type=\"column\">\n\t\t\t<div class=\"elementor-widget-wrap elementor-element-populated\">\n\t\t\t\t\t\t<div class=\"elementor-element elementor-element-352db959 elementor-widget elementor-widget-image\" data-id=\"352db959\" data-element_type=\"widget\" data-widget_type=\"image.default\">\n\t\t\t\t<div class=\"elementor-widget-container\">\n\t\t\t\t\t\t\t\t\t\t\t\t\t\t\t<img fetchpriority=\"high\" decoding=\"async\" width=\"590\" height=\"400\" src=\"https:\/\/ingesea.com\/wp-content\/uploads\/2019\/06\/ingenieria-robotica-02.jpg\" class=\"attachment-full size-full wp-image-715\" alt=\"\" srcset=\"https:\/\/ingesea.com\/wp-content\/uploads\/2019\/06\/ingenieria-robotica-02.jpg 590w, https:\/\/ingesea.com\/wp-content\/uploads\/2019\/06\/ingenieria-robotica-02-300x203.jpg 300w\" sizes=\"(max-width: 590px) 100vw, 590px\" \/>\t\t\t\t\t\t\t\t\t\t\t\t\t\t\t<\/div>\n\t\t\t\t<\/div>\n\t\t\t\t\t<\/div>\n\t\t<\/div>\n\t\t\t\t<div class=\"elementor-column elementor-col-50 elementor-top-column elementor-element elementor-element-4c0aa003\" data-id=\"4c0aa003\" data-element_type=\"column\">\n\t\t\t<div class=\"elementor-widget-wrap elementor-element-populated\">\n\t\t\t\t\t\t<div class=\"elementor-element elementor-element-719d744e elementor-widget elementor-widget-image\" data-id=\"719d744e\" data-element_type=\"widget\" data-widget_type=\"image.default\">\n\t\t\t\t<div class=\"elementor-widget-container\">\n\t\t\t\t\t\t\t\t\t\t\t\t\t\t\t<img decoding=\"async\" width=\"590\" height=\"400\" src=\"https:\/\/ingesea.com\/wp-content\/uploads\/2019\/06\/ingenieria-robotica-01.jpg\" class=\"attachment-full size-full wp-image-714\" alt=\"\" srcset=\"https:\/\/ingesea.com\/wp-content\/uploads\/2019\/06\/ingenieria-robotica-01.jpg 590w, https:\/\/ingesea.com\/wp-content\/uploads\/2019\/06\/ingenieria-robotica-01-300x203.jpg 300w\" sizes=\"(max-width: 590px) 100vw, 590px\" \/>\t\t\t\t\t\t\t\t\t\t\t\t\t\t\t<\/div>\n\t\t\t\t<\/div>\n\t\t\t\t\t<\/div>\n\t\t<\/div>\n\t\t\t\t\t<\/div>\n\t\t<\/section>\n\t\t\t\t<section class=\"elementor-section elementor-top-section elementor-element elementor-element-76e0dc83 elementor-section-boxed elementor-section-height-default elementor-section-height-default\" data-id=\"76e0dc83\" data-element_type=\"section\" data-settings=\"{&quot;background_background&quot;:&quot;classic&quot;}\">\n\t\t\t\t\t\t<div class=\"elementor-container elementor-column-gap-default\">\n\t\t\t\t\t<div class=\"elementor-column elementor-col-25 elementor-top-column elementor-element elementor-element-4c1f7c22\" data-id=\"4c1f7c22\" data-element_type=\"column\">\n\t\t\t<div class=\"elementor-widget-wrap\">\n\t\t\t\t\t\t\t<\/div>\n\t\t<\/div>\n\t\t\t\t<div class=\"elementor-column elementor-col-25 elementor-top-column elementor-element elementor-element-7c397e74\" data-id=\"7c397e74\" data-element_type=\"column\">\n\t\t\t<div class=\"elementor-widget-wrap elementor-element-populated\">\n\t\t\t\t\t\t<div class=\"elementor-element elementor-element-68a852d8 elementor-widget elementor-widget-heading\" data-id=\"68a852d8\" data-element_type=\"widget\" data-widget_type=\"heading.default\">\n\t\t\t\t<div class=\"elementor-widget-container\">\n\t\t\t\t\t<h3 class=\"elementor-heading-title elementor-size-default\">\u00bfNecesita ayuda en soluciones industriales?\n<\/h3>\t\t\t\t<\/div>\n\t\t\t\t<\/div>\n\t\t\t\t\t<\/div>\n\t\t<\/div>\n\t\t\t\t<div class=\"elementor-column elementor-col-25 elementor-top-column elementor-element elementor-element-f19106f\" data-id=\"f19106f\" data-element_type=\"column\">\n\t\t\t<div class=\"elementor-widget-wrap elementor-element-populated\">\n\t\t\t\t\t\t<div class=\"elementor-element elementor-element-4210a452 elementor-align-center elementor-widget elementor-widget-button\" data-id=\"4210a452\" data-element_type=\"widget\" data-widget_type=\"button.default\">\n\t\t\t\t<div class=\"elementor-widget-container\">\n\t\t\t\t\t\t\t\t\t<div class=\"elementor-button-wrapper\">\n\t\t\t\t\t<a class=\"elementor-button elementor-button-link elementor-size-sm\" href=\"\/contacto\/\">\n\t\t\t\t\t\t<span class=\"elementor-button-content-wrapper\">\n\t\t\t\t\t\t\t\t\t<span class=\"elementor-button-text\">CONT\u00c1CTENOS<\/span>\n\t\t\t\t\t<\/span>\n\t\t\t\t\t<\/a>\n\t\t\t\t<\/div>\n\t\t\t\t\t\t\t\t<\/div>\n\t\t\t\t<\/div>\n\t\t\t\t\t<\/div>\n\t\t<\/div>\n\t\t\t\t<div class=\"elementor-column elementor-col-25 elementor-top-column elementor-element elementor-element-61d979f8\" data-id=\"61d979f8\" data-element_type=\"column\">\n\t\t\t<div class=\"elementor-widget-wrap\">\n\t\t\t\t\t\t\t<\/div>\n\t\t<\/div>\n\t\t\t\t\t<\/div>\n\t\t<\/section>\n\t\t\t\t<\/div>\n\t\t","protected":false},"excerpt":{"rendered":"<p>Ingenier\u00eda rob\u00f3tica Trabajamos con las principales marcas de robots del mercado y ofrecemos soluciones personalizadas. Simulaci\u00f3n offline de la aplicaci\u00f3n si el cliente lo requiere. Programaci\u00f3n y puesta en marcha del robot. Definici\u00f3n de interconexi\u00f3n con el entorno. Integraci\u00f3n de sistemas de visi\u00f3n artificial. Tracking, chequeo, correcci\u00f3n de posici\u00f3n&#8230; Pruebas y cursos a cliente final. [&hellip;]<\/p>\n","protected":false},"author":2,"featured_media":0,"parent":13,"menu_order":3,"comment_status":"closed","ping_status":"closed","template":"","meta":{"site-sidebar-layout":"no-sidebar","site-content-layout":"page-builder","ast-site-content-layout":"default","site-content-style":"default","site-sidebar-style":"default","ast-global-header-display":"","ast-banner-title-visibility":"","ast-main-header-display":"","ast-hfb-above-header-display":"","ast-hfb-below-header-display":"","ast-hfb-mobile-header-display":"","site-post-title":"disabled","ast-breadcrumbs-content":"","ast-featured-img":"disabled","footer-sml-layout":"","theme-transparent-header-meta":"enabled","adv-header-id-meta":"","stick-header-meta":"","header-above-stick-meta":"","header-main-stick-meta":"","header-below-stick-meta":"","astra-migrate-meta-layouts":"default","ast-page-background-enabled":"default","ast-page-background-meta":{"desktop":{"background-color":"","background-image":"","background-repeat":"repeat","background-position":"center center","background-size":"auto","background-attachment":"scroll","background-type":"","background-media":"","overlay-type":"","overlay-color":"","overlay-opacity":"","overlay-gradient":""},"tablet":{"background-color":"","background-image":"","background-repeat":"repeat","background-position":"center center","background-size":"auto","background-attachment":"scroll","background-type":"","background-media":"","overlay-type":"","overlay-color":"","overlay-opacity":"","overlay-gradient":""},"mobile":{"background-color":"","background-image":"","background-repeat":"repeat","background-position":"center center","background-size":"auto","background-attachment":"scroll","background-type":"","background-media":"","overlay-type":"","overlay-color":"","overlay-opacity":"","overlay-gradient":""}},"ast-content-background-meta":{"desktop":{"background-color":"var(--ast-global-color-5)","background-image":"","background-repeat":"repeat","background-position":"center center","background-size":"auto","background-attachment":"scroll","background-type":"","background-media":"","overlay-type":"","overlay-color":"","overlay-opacity":"","overlay-gradient":""},"tablet":{"background-color":"var(--ast-global-color-5)","background-image":"","background-repeat":"repeat","background-position":"center center","background-size":"auto","background-attachment":"scroll","background-type":"","background-media":"","overlay-type":"","overlay-color":"","overlay-opacity":"","overlay-gradient":""},"mobile":{"background-color":"var(--ast-global-color-5)","background-image":"","background-repeat":"repeat","background-position":"center center","background-size":"auto","background-attachment":"scroll","background-type":"","background-media":"","overlay-type":"","overlay-color":"","overlay-opacity":"","overlay-gradient":""}},"footnotes":""},"class_list":["post-508","page","type-page","status-publish","hentry"],"yoast_head":"<!-- This site is optimized with the Yoast SEO plugin v26.4 - https:\/\/yoast.com\/wordpress\/plugins\/seo\/ -->\n<title>Soluciones personalizadas para principales marcas de robots industriales<\/title>\n<meta name=\"description\" content=\"Trabajamos con las principales marcas de robots industriales del mercado y ofrecemos soluciones personalizadas. KUKA, ABB, FANUC, STA\u00dcBLI, YAMAHA, ADEPT (OMRON), UNIVERSAL ROBOTS\" \/>\n<meta name=\"robots\" content=\"index, follow, max-snippet:-1, max-image-preview:large, max-video-preview:-1\" \/>\n<link rel=\"canonical\" href=\"https:\/\/ingesea.com\/es\/servicios\/ingenieria-robotica\/\" \/>\n<meta property=\"og:locale\" content=\"es_ES\" \/>\n<meta property=\"og:type\" content=\"article\" \/>\n<meta property=\"og:title\" content=\"Soluciones personalizadas para principales marcas de robots industriales\" \/>\n<meta property=\"og:description\" content=\"Trabajamos con las principales marcas de robots industriales del mercado y ofrecemos soluciones personalizadas. KUKA, ABB, FANUC, STA\u00dcBLI, YAMAHA, ADEPT (OMRON), UNIVERSAL ROBOTS\" \/>\n<meta property=\"og:url\" content=\"https:\/\/ingesea.com\/es\/servicios\/ingenieria-robotica\/\" \/>\n<meta property=\"og:site_name\" content=\"INGESEA Automation\" \/>\n<meta property=\"article:modified_time\" content=\"2025-10-01T12:18:19+00:00\" \/>\n<meta property=\"og:image\" content=\"https:\/\/ingesea.com\/wp-content\/uploads\/2019\/06\/ingenieria-robotica-02.jpg\" \/>\n\t<meta property=\"og:image:width\" content=\"590\" \/>\n\t<meta property=\"og:image:height\" content=\"400\" \/>\n\t<meta property=\"og:image:type\" content=\"image\/jpeg\" \/>\n<meta name=\"twitter:card\" content=\"summary_large_image\" \/>\n<meta name=\"twitter:label1\" content=\"Tiempo de lectura\" \/>\n\t<meta name=\"twitter:data1\" content=\"1 minuto\" \/>\n<script type=\"application\/ld+json\" class=\"yoast-schema-graph\">{\"@context\":\"https:\/\/schema.org\",\"@graph\":[{\"@type\":\"WebPage\",\"@id\":\"https:\/\/ingesea.com\/es\/servicios\/ingenieria-robotica\/\",\"url\":\"https:\/\/ingesea.com\/es\/servicios\/ingenieria-robotica\/\",\"name\":\"Soluciones personalizadas para principales marcas de robots industriales\",\"isPartOf\":{\"@id\":\"https:\/\/ingesea.com\/es\/#website\"},\"primaryImageOfPage\":{\"@id\":\"https:\/\/ingesea.com\/es\/servicios\/ingenieria-robotica\/#primaryimage\"},\"image\":{\"@id\":\"https:\/\/ingesea.com\/es\/servicios\/ingenieria-robotica\/#primaryimage\"},\"thumbnailUrl\":\"https:\/\/ingesea.com\/wp-content\/uploads\/2019\/06\/ingenieria-robotica-02.jpg\",\"datePublished\":\"2019-05-14T16:46:35+00:00\",\"dateModified\":\"2025-10-01T12:18:19+00:00\",\"description\":\"Trabajamos con las principales marcas de robots industriales del mercado y ofrecemos soluciones personalizadas. KUKA, ABB, FANUC, STA\u00dcBLI, YAMAHA, ADEPT (OMRON), UNIVERSAL ROBOTS\",\"breadcrumb\":{\"@id\":\"https:\/\/ingesea.com\/es\/servicios\/ingenieria-robotica\/#breadcrumb\"},\"inLanguage\":\"es\",\"potentialAction\":[{\"@type\":\"ReadAction\",\"target\":[\"https:\/\/ingesea.com\/es\/servicios\/ingenieria-robotica\/\"]}]},{\"@type\":\"ImageObject\",\"inLanguage\":\"es\",\"@id\":\"https:\/\/ingesea.com\/es\/servicios\/ingenieria-robotica\/#primaryimage\",\"url\":\"https:\/\/ingesea.com\/wp-content\/uploads\/2019\/06\/ingenieria-robotica-02.jpg\",\"contentUrl\":\"https:\/\/ingesea.com\/wp-content\/uploads\/2019\/06\/ingenieria-robotica-02.jpg\"},{\"@type\":\"BreadcrumbList\",\"@id\":\"https:\/\/ingesea.com\/es\/servicios\/ingenieria-robotica\/#breadcrumb\",\"itemListElement\":[{\"@type\":\"ListItem\",\"position\":1,\"name\":\"Home\",\"item\":\"https:\/\/ingesea.com\/es\/\"},{\"@type\":\"ListItem\",\"position\":2,\"name\":\"SERVICIOS\",\"item\":\"https:\/\/ingesea.com\/es\/servicios\/\"},{\"@type\":\"ListItem\",\"position\":3,\"name\":\"Ingenier\u00eda rob\u00f3tica\"}]},{\"@type\":\"WebSite\",\"@id\":\"https:\/\/ingesea.com\/es\/#website\",\"url\":\"https:\/\/ingesea.com\/es\/\",\"name\":\"INGESEA Automation\",\"description\":\"Ingenier\u00eda y Soluciones de Automatizaci\u00f3n\",\"publisher\":{\"@id\":\"https:\/\/ingesea.com\/es\/#organization\"},\"potentialAction\":[{\"@type\":\"SearchAction\",\"target\":{\"@type\":\"EntryPoint\",\"urlTemplate\":\"https:\/\/ingesea.com\/es\/?s={search_term_string}\"},\"query-input\":{\"@type\":\"PropertyValueSpecification\",\"valueRequired\":true,\"valueName\":\"search_term_string\"}}],\"inLanguage\":\"es\"},{\"@type\":\"Organization\",\"@id\":\"https:\/\/ingesea.com\/es\/#organization\",\"name\":\"Ingesea Automation, S.L.\",\"url\":\"https:\/\/ingesea.com\/es\/\",\"logo\":{\"@type\":\"ImageObject\",\"inLanguage\":\"es\",\"@id\":\"https:\/\/ingesea.com\/es\/#\/schema\/logo\/image\/\",\"url\":\"https:\/\/ingesea.com\/wp-content\/uploads\/2019\/06\/logo-ingesea-automation-retina.png\",\"contentUrl\":\"https:\/\/ingesea.com\/wp-content\/uploads\/2019\/06\/logo-ingesea-automation-retina.png\",\"width\":425,\"height\":82,\"caption\":\"Ingesea Automation, S.L.\"},\"image\":{\"@id\":\"https:\/\/ingesea.com\/es\/#\/schema\/logo\/image\/\"}}]}<\/script>\n<!-- \/ Yoast SEO plugin. -->","yoast_head_json":{"title":"Soluciones personalizadas para principales marcas de robots industriales","description":"Trabajamos con las principales marcas de robots industriales del mercado y ofrecemos soluciones personalizadas. KUKA, ABB, FANUC, STA\u00dcBLI, YAMAHA, ADEPT (OMRON), UNIVERSAL ROBOTS","robots":{"index":"index","follow":"follow","max-snippet":"max-snippet:-1","max-image-preview":"max-image-preview:large","max-video-preview":"max-video-preview:-1"},"canonical":"https:\/\/ingesea.com\/es\/servicios\/ingenieria-robotica\/","og_locale":"es_ES","og_type":"article","og_title":"Soluciones personalizadas para principales marcas de robots industriales","og_description":"Trabajamos con las principales marcas de robots industriales del mercado y ofrecemos soluciones personalizadas. KUKA, ABB, FANUC, STA\u00dcBLI, YAMAHA, ADEPT (OMRON), UNIVERSAL ROBOTS","og_url":"https:\/\/ingesea.com\/es\/servicios\/ingenieria-robotica\/","og_site_name":"INGESEA Automation","article_modified_time":"2025-10-01T12:18:19+00:00","og_image":[{"width":590,"height":400,"url":"https:\/\/ingesea.com\/wp-content\/uploads\/2019\/06\/ingenieria-robotica-02.jpg","type":"image\/jpeg"}],"twitter_card":"summary_large_image","twitter_misc":{"Tiempo de lectura":"1 minuto"},"schema":{"@context":"https:\/\/schema.org","@graph":[{"@type":"WebPage","@id":"https:\/\/ingesea.com\/es\/servicios\/ingenieria-robotica\/","url":"https:\/\/ingesea.com\/es\/servicios\/ingenieria-robotica\/","name":"Soluciones personalizadas para principales marcas de robots industriales","isPartOf":{"@id":"https:\/\/ingesea.com\/es\/#website"},"primaryImageOfPage":{"@id":"https:\/\/ingesea.com\/es\/servicios\/ingenieria-robotica\/#primaryimage"},"image":{"@id":"https:\/\/ingesea.com\/es\/servicios\/ingenieria-robotica\/#primaryimage"},"thumbnailUrl":"https:\/\/ingesea.com\/wp-content\/uploads\/2019\/06\/ingenieria-robotica-02.jpg","datePublished":"2019-05-14T16:46:35+00:00","dateModified":"2025-10-01T12:18:19+00:00","description":"Trabajamos con las principales marcas de robots industriales del mercado y ofrecemos soluciones personalizadas. KUKA, ABB, FANUC, STA\u00dcBLI, YAMAHA, ADEPT (OMRON), UNIVERSAL ROBOTS","breadcrumb":{"@id":"https:\/\/ingesea.com\/es\/servicios\/ingenieria-robotica\/#breadcrumb"},"inLanguage":"es","potentialAction":[{"@type":"ReadAction","target":["https:\/\/ingesea.com\/es\/servicios\/ingenieria-robotica\/"]}]},{"@type":"ImageObject","inLanguage":"es","@id":"https:\/\/ingesea.com\/es\/servicios\/ingenieria-robotica\/#primaryimage","url":"https:\/\/ingesea.com\/wp-content\/uploads\/2019\/06\/ingenieria-robotica-02.jpg","contentUrl":"https:\/\/ingesea.com\/wp-content\/uploads\/2019\/06\/ingenieria-robotica-02.jpg"},{"@type":"BreadcrumbList","@id":"https:\/\/ingesea.com\/es\/servicios\/ingenieria-robotica\/#breadcrumb","itemListElement":[{"@type":"ListItem","position":1,"name":"Home","item":"https:\/\/ingesea.com\/es\/"},{"@type":"ListItem","position":2,"name":"SERVICIOS","item":"https:\/\/ingesea.com\/es\/servicios\/"},{"@type":"ListItem","position":3,"name":"Ingenier\u00eda rob\u00f3tica"}]},{"@type":"WebSite","@id":"https:\/\/ingesea.com\/es\/#website","url":"https:\/\/ingesea.com\/es\/","name":"INGESEA Automation","description":"Ingenier\u00eda y Soluciones de Automatizaci\u00f3n","publisher":{"@id":"https:\/\/ingesea.com\/es\/#organization"},"potentialAction":[{"@type":"SearchAction","target":{"@type":"EntryPoint","urlTemplate":"https:\/\/ingesea.com\/es\/?s={search_term_string}"},"query-input":{"@type":"PropertyValueSpecification","valueRequired":true,"valueName":"search_term_string"}}],"inLanguage":"es"},{"@type":"Organization","@id":"https:\/\/ingesea.com\/es\/#organization","name":"Ingesea Automation, S.L.","url":"https:\/\/ingesea.com\/es\/","logo":{"@type":"ImageObject","inLanguage":"es","@id":"https:\/\/ingesea.com\/es\/#\/schema\/logo\/image\/","url":"https:\/\/ingesea.com\/wp-content\/uploads\/2019\/06\/logo-ingesea-automation-retina.png","contentUrl":"https:\/\/ingesea.com\/wp-content\/uploads\/2019\/06\/logo-ingesea-automation-retina.png","width":425,"height":82,"caption":"Ingesea Automation, S.L."},"image":{"@id":"https:\/\/ingesea.com\/es\/#\/schema\/logo\/image\/"}}]}},"_links":{"self":[{"href":"https:\/\/ingesea.com\/es\/wp-json\/wp\/v2\/pages\/508","targetHints":{"allow":["GET"]}}],"collection":[{"href":"https:\/\/ingesea.com\/es\/wp-json\/wp\/v2\/pages"}],"about":[{"href":"https:\/\/ingesea.com\/es\/wp-json\/wp\/v2\/types\/page"}],"author":[{"embeddable":true,"href":"https:\/\/ingesea.com\/es\/wp-json\/wp\/v2\/users\/2"}],"replies":[{"embeddable":true,"href":"https:\/\/ingesea.com\/es\/wp-json\/wp\/v2\/comments?post=508"}],"version-history":[{"count":3,"href":"https:\/\/ingesea.com\/es\/wp-json\/wp\/v2\/pages\/508\/revisions"}],"predecessor-version":[{"id":3348,"href":"https:\/\/ingesea.com\/es\/wp-json\/wp\/v2\/pages\/508\/revisions\/3348"}],"up":[{"embeddable":true,"href":"https:\/\/ingesea.com\/es\/wp-json\/wp\/v2\/pages\/13"}],"wp:attachment":[{"href":"https:\/\/ingesea.com\/es\/wp-json\/wp\/v2\/media?parent=508"}],"curies":[{"name":"wp","href":"https:\/\/api.w.org\/{rel}","templated":true}]}}